{"id":23,"date":"2025-03-05T11:17:09","date_gmt":"2025-03-05T11:17:09","guid":{"rendered":"https:\/\/teknotek2.4vlab.org\/?page_id=23"},"modified":"2025-03-10T08:09:49","modified_gmt":"2025-03-10T08:09:49","slug":"contacto","status":"publish","type":"page","link":"https:\/\/teknotek2.4vlab.org\/?page_id=23","title":{"rendered":"CONTACTO"},"content":{"rendered":"\t\t<div data-elementor-type=\"wp-page\" data-elementor-id=\"23\" class=\"elementor elementor-23\">\n\t\t\t\t<div class=\"elementor-element elementor-element-ee8478f e-con-full e-flex e-con e-parent\" data-id=\"ee8478f\" data-element_type=\"container\">\n\t\t<div class=\"elementor-element elementor-element-f8ec21d e-con-full e-flex e-con e-child\" data-id=\"f8ec21d\" data-element_type=\"container\" data-settings=\"{&quot;background_background&quot;:&quot;slideshow&quot;,&quot;background_slideshow_gallery&quot;:[],&quot;background_slideshow_loop&quot;:&quot;yes&quot;,&quot;background_slideshow_slide_duration&quot;:5000,&quot;background_slideshow_slide_transition&quot;:&quot;fade&quot;,&quot;background_slideshow_transition_duration&quot;:500}\">\n\t\t\t\t<div class=\"elementor-element elementor-element-5f2c822 elementor-widget elementor-widget-image\" data-id=\"5f2c822\" data-element_type=\"widget\" data-widget_type=\"image.default\">\n\t\t\t\t<div class=\"elementor-widget-container\">\n\t\t\t\t\t\t\t\t\t\t\t\t\t\t\t<img fetchpriority=\"high\" decoding=\"async\" width=\"640\" height=\"362\" src=\"https:\/\/teknotek2.4vlab.org\/wp-content\/uploads\/2025\/03\/Diseno-sin-titulo-1024x579.png\" class=\"attachment-large size-large wp-image-93\" alt=\"\" \/>\t\t\t\t\t\t\t\t\t\t\t\t\t\t\t<\/div>\n\t\t\t\t<\/div>\n\t\t\t\t<\/div>\n\t\t<div class=\"elementor-element elementor-element-cde5bbb e-con-full e-flex e-con e-child\" data-id=\"cde5bbb\" data-element_type=\"container\">\n\t\t\t\t<div class=\"elementor-element elementor-element-cac944c elementor-widget__width-initial elementor-widget elementor-widget-text-editor\" data-id=\"cac944c\" data-element_type=\"widget\" data-widget_type=\"text-editor.default\">\n\t\t\t\t<div class=\"elementor-widget-container\">\n\t\t\t\t\t\t\t\t\t<p>Direcci\u00f3n de correo: <span class=\"OYPEnA font-feature-liga-off font-feature-clig-off font-feature-calt-off text-decoration-none text-strikethrough-none\">teknotek4v@gmail.com<\/span><\/p><p>Ubicaci\u00f3n: <span class=\"OYPEnA font-feature-liga-off font-feature-clig-off font-feature-calt-off text-decoration-none text-strikethrough-none\">Av. de San Jorge, 6, 31012 Pamplona, Navarra<\/span><\/p><p>Horario de atenci\u00f3n: De Lunes a Viernes de 9:00 AM a 14:30 PM\u00a0<\/p>\t\t\t\t\t\t\t\t<\/div>\n\t\t\t\t<\/div>\n\t\t\t\t<\/div>\n\t\t\t\t<\/div>\n\t\t\t\t<\/div>\n\t\t","protected":false},"excerpt":{"rendered":"<p>Direcci\u00f3n de correo: teknotek4v@gmail.com Ubicaci\u00f3n: Av. de San Jorge, 6, 31012 Pamplona, Navarra Horario de atenci\u00f3n: De Lunes a Viernes de 9:00 AM a 14:30 PM\u00a0<\/p>\n","protected":false},"author":1,"featured_media":0,"parent":0,"menu_order":0,"comment_status":"closed","ping_status":"closed","template":"elementor_header_footer","meta":{"footnotes":""},"class_list":["post-23","page","type-page","status-publish","hentry"],"_links":{"self":[{"href":"https:\/\/teknotek2.4vlab.org\/index.php?rest_route=\/wp\/v2\/pages\/23","targetHints":{"allow":["GET"]}}],"collection":[{"href":"https:\/\/teknotek2.4vlab.org\/index.php?rest_route=\/wp\/v2\/pages"}],"about":[{"href":"https:\/\/teknotek2.4vlab.org\/index.php?rest_route=\/wp\/v2\/types\/page"}],"author":[{"embeddable":true,"href":"https:\/\/teknotek2.4vlab.org\/index.php?rest_route=\/wp\/v2\/users\/1"}],"replies":[{"embeddable":true,"href":"https:\/\/teknotek2.4vlab.org\/index.php?rest_route=%2Fwp%2Fv2%2Fcomments&post=23"}],"version-history":[{"count":19,"href":"https:\/\/teknotek2.4vlab.org\/index.php?rest_route=\/wp\/v2\/pages\/23\/revisions"}],"predecessor-version":[{"id":117,"href":"https:\/\/teknotek2.4vlab.org\/index.php?rest_route=\/wp\/v2\/pages\/23\/revisions\/117"}],"wp:attachment":[{"href":"https:\/\/teknotek2.4vlab.org\/index.php?rest_route=%2Fwp%2Fv2%2Fmedia&parent=23"}],"curies":[{"name":"wp","href":"https:\/\/api.w.org\/{rel}","templated":true}]}}