{"id":21,"date":"2025-03-05T11:16:43","date_gmt":"2025-03-05T11:16:43","guid":{"rendered":"https:\/\/teknotek2.4vlab.org\/?page_id=21"},"modified":"2025-03-12T12:40:11","modified_gmt":"2025-03-12T12:40:11","slug":"productos","status":"publish","type":"page","link":"https:\/\/teknotek2.4vlab.org\/?page_id=21","title":{"rendered":"PRODUCTOS"},"content":{"rendered":"\t\t<div data-elementor-type=\"wp-page\" data-elementor-id=\"21\" class=\"elementor elementor-21\">\n\t\t\t\t<div class=\"elementor-element elementor-element-9bc6236 e-flex e-con-boxed e-con e-parent\" data-id=\"9bc6236\" data-element_type=\"container\">\n\t\t\t\t\t<div class=\"e-con-inner\">\n\t\t\t\t<div class=\"elementor-element elementor-element-da7180d elementor-widget elementor-widget-heading\" data-id=\"da7180d\" data-element_type=\"widget\" data-widget_type=\"heading.default\">\n\t\t\t\t<div class=\"elementor-widget-container\">\n\t\t\t\t\t<h2 class=\"elementor-heading-title elementor-size-default\">AQU\u00cd PUEDES ENCONTRAR TODOS LOS PRODUCTOS QUE VENDEMOS<\/h2>\t\t\t\t<\/div>\n\t\t\t\t<\/div>\n\t\t\t\t\t<\/div>\n\t\t\t\t<\/div>\n\t\t<div class=\"elementor-element elementor-element-bc4ec22 e-flex e-con-boxed e-con e-parent\" data-id=\"bc4ec22\" data-element_type=\"container\">\n\t\t\t\t\t<div class=\"e-con-inner\">\n\t\t<div class=\"elementor-element elementor-element-9c277df e-con-full e-flex e-con e-child\" data-id=\"9c277df\" data-element_type=\"container\">\n\t\t\t\t<div class=\"elementor-element elementor-element-7eabd56 elementor-widget elementor-widget-image\" data-id=\"7eabd56\" data-element_type=\"widget\" data-widget_type=\"image.default\">\n\t\t\t\t<div class=\"elementor-widget-container\">\n\t\t\t\t\t\t\t\t\t\t\t\t\t\t\t<img decoding=\"async\" width=\"243\" height=\"166\" src=\"https:\/\/teknotek2.4vlab.org\/wp-content\/uploads\/2025\/03\/Captura-de-pantalla-2025-03-12-124657.png\" class=\"attachment-large size-large wp-image-190\" alt=\"\" \/>\t\t\t\t\t\t\t\t\t\t\t\t\t\t\t<\/div>\n\t\t\t\t<\/div>\n\t\t\t\t<\/div>\n\t\t<div class=\"elementor-element elementor-element-a69eb70 e-con-full e-flex e-con e-child\" data-id=\"a69eb70\" data-element_type=\"container\">\n\t\t\t\t<div class=\"elementor-element elementor-element-bb5ba34 elementor-widget elementor-widget-image\" data-id=\"bb5ba34\" data-element_type=\"widget\" data-widget_type=\"image.default\">\n\t\t\t\t<div class=\"elementor-widget-container\">\n\t\t\t\t\t\t\t\t\t\t\t\t\t\t\t<img decoding=\"async\" width=\"88\" height=\"205\" src=\"https:\/\/teknotek2.4vlab.org\/wp-content\/uploads\/2025\/03\/Captura-de-pantalla-2025-03-05-124232.png\" class=\"attachment-large size-large wp-image-192\" alt=\"\" \/>\t\t\t\t\t\t\t\t\t\t\t\t\t\t\t<\/div>\n\t\t\t\t<\/div>\n\t\t\t\t<\/div>\n\t\t\t\t\t<\/div>\n\t\t\t\t<\/div>\n\t\t<div class=\"elementor-element elementor-element-3da91b3 e-flex e-con-boxed e-con e-parent\" data-id=\"3da91b3\" data-element_type=\"container\">\n\t\t\t\t\t<div class=\"e-con-inner\">\n\t\t<div class=\"elementor-element elementor-element-fead265 e-con-full e-flex e-con e-child\" data-id=\"fead265\" data-element_type=\"container\">\n\t\t\t\t<div class=\"elementor-element elementor-element-5642ffe elementor-widget elementor-widget-text-editor\" data-id=\"5642ffe\" data-element_type=\"widget\" data-widget_type=\"text-editor.default\">\n\t\t\t\t<div class=\"elementor-widget-container\">\n\t\t\t\t\t\t\t\t\t<h3>Lenovo <span style=\"font-weight: 400;\">ThinkBook Plus Twist<\/span><\/h3>\t\t\t\t\t\t\t\t<\/div>\n\t\t\t\t<\/div>\n\t\t\t\t<\/div>\n\t\t<div class=\"elementor-element elementor-element-d559e02 e-con-full e-flex e-con e-child\" data-id=\"d559e02\" data-element_type=\"container\">\n\t\t\t\t<div class=\"elementor-element elementor-element-178e1c9 elementor-widget elementor-widget-text-editor\" data-id=\"178e1c9\" data-element_type=\"widget\" data-widget_type=\"text-editor.default\">\n\t\t\t\t<div class=\"elementor-widget-container\">\n\t\t\t\t\t\t\t\t\t<h3><span style=\"font-weight: 400;\">Legion Tower 7i Gen 10<\/span><\/h3>\t\t\t\t\t\t\t\t<\/div>\n\t\t\t\t<\/div>\n\t\t\t\t<\/div>\n\t\t\t\t\t<\/div>\n\t\t\t\t<\/div>\n\t\t<div class=\"elementor-element elementor-element-0bc653e e-flex e-con-boxed e-con e-parent\" data-id=\"0bc653e\" data-element_type=\"container\">\n\t\t\t\t\t<div class=\"e-con-inner\">\n\t\t<div class=\"elementor-element elementor-element-7165249 e-con-full e-flex e-con e-child\" data-id=\"7165249\" data-element_type=\"container\">\n\t\t\t\t<div class=\"elementor-element elementor-element-269cfad elementor-widget elementor-widget-image\" data-id=\"269cfad\" data-element_type=\"widget\" data-widget_type=\"image.default\">\n\t\t\t\t<div class=\"elementor-widget-container\">\n\t\t\t\t\t\t\t\t\t\t\t\t\t\t\t<img fetchpriority=\"high\" decoding=\"async\" width=\"261\" height=\"264\" src=\"https:\/\/teknotek2.4vlab.org\/wp-content\/uploads\/2025\/03\/Captura-de-pantalla-2025-03-12-124740.png\" class=\"attachment-large size-large wp-image-193\" alt=\"\" \/>\t\t\t\t\t\t\t\t\t\t\t\t\t\t\t<\/div>\n\t\t\t\t<\/div>\n\t\t\t\t<\/div>\n\t\t<div class=\"elementor-element elementor-element-80da4ff e-con-full e-flex e-con e-child\" data-id=\"80da4ff\" data-element_type=\"container\">\n\t\t\t\t<div class=\"elementor-element elementor-element-2397c6a elementor-widget elementor-widget-image\" data-id=\"2397c6a\" data-element_type=\"widget\" data-widget_type=\"image.default\">\n\t\t\t\t<div class=\"elementor-widget-container\">\n\t\t\t\t\t\t\t\t\t\t\t\t\t\t\t<img loading=\"lazy\" decoding=\"async\" width=\"167\" height=\"232\" src=\"https:\/\/teknotek2.4vlab.org\/wp-content\/uploads\/2025\/03\/Captura-de-pantalla-2025-03-12-124759.png\" class=\"attachment-large size-large wp-image-194\" alt=\"\" \/>\t\t\t\t\t\t\t\t\t\t\t\t\t\t\t<\/div>\n\t\t\t\t<\/div>\n\t\t\t\t<\/div>\n\t\t\t\t\t<\/div>\n\t\t\t\t<\/div>\n\t\t<div class=\"elementor-element elementor-element-28cfd4d e-flex e-con-boxed e-con e-parent\" data-id=\"28cfd4d\" data-element_type=\"container\">\n\t\t\t\t\t<div class=\"e-con-inner\">\n\t\t<div class=\"elementor-element elementor-element-b432cb1 e-con-full e-flex e-con e-child\" data-id=\"b432cb1\" data-element_type=\"container\">\n\t\t\t\t<div class=\"elementor-element elementor-element-58bd427 elementor-widget elementor-widget-text-editor\" data-id=\"58bd427\" data-element_type=\"widget\" data-widget_type=\"text-editor.default\">\n\t\t\t\t<div class=\"elementor-widget-container\">\n\t\t\t\t\t\t\t\t\t<h3><span style=\"font-weight: 400;\">Scanner 3D CR-SCANOTT TR<\/span><\/h3>\t\t\t\t\t\t\t\t<\/div>\n\t\t\t\t<\/div>\n\t\t\t\t<\/div>\n\t\t<div class=\"elementor-element elementor-element-0ac0d72 e-con-full e-flex e-con e-child\" data-id=\"0ac0d72\" data-element_type=\"container\">\n\t\t\t\t<div class=\"elementor-element elementor-element-de07861 elementor-widget elementor-widget-text-editor\" data-id=\"de07861\" data-element_type=\"widget\" data-widget_type=\"text-editor.default\">\n\t\t\t\t<div class=\"elementor-widget-container\">\n\t\t\t\t\t\t\t\t\t<h3><span style=\"font-weight: 400;\">IRISPen Reader 8<\/span><\/h3>\t\t\t\t\t\t\t\t<\/div>\n\t\t\t\t<\/div>\n\t\t\t\t<\/div>\n\t\t\t\t\t<\/div>\n\t\t\t\t<\/div>\n\t\t<div class=\"elementor-element elementor-element-e251276 e-flex e-con-boxed e-con e-parent\" data-id=\"e251276\" data-element_type=\"container\">\n\t\t\t\t\t<div class=\"e-con-inner\">\n\t\t<div class=\"elementor-element elementor-element-2c4aea8 e-con-full e-flex e-con e-child\" data-id=\"2c4aea8\" data-element_type=\"container\">\n\t\t\t\t<div class=\"elementor-element elementor-element-0fe3feb elementor-widget elementor-widget-image\" data-id=\"0fe3feb\" data-element_type=\"widget\" data-widget_type=\"image.default\">\n\t\t\t\t<div class=\"elementor-widget-container\">\n\t\t\t\t\t\t\t\t\t\t\t\t\t\t\t<img loading=\"lazy\" decoding=\"async\" width=\"359\" height=\"249\" src=\"https:\/\/teknotek2.4vlab.org\/wp-content\/uploads\/2025\/03\/Captura-de-pantalla-2025-03-12-124812.png\" class=\"attachment-large size-large wp-image-195\" alt=\"\" srcset=\"https:\/\/teknotek2.4vlab.org\/wp-content\/uploads\/2025\/03\/Captura-de-pantalla-2025-03-12-124812.png 359w, https:\/\/teknotek2.4vlab.org\/wp-content\/uploads\/2025\/03\/Captura-de-pantalla-2025-03-12-124812-300x208.png 300w\" sizes=\"(max-width: 359px) 100vw, 359px\" \/>\t\t\t\t\t\t\t\t\t\t\t\t\t\t\t<\/div>\n\t\t\t\t<\/div>\n\t\t\t\t<\/div>\n\t\t<div class=\"elementor-element elementor-element-6af4054 e-con-full e-flex e-con e-child\" data-id=\"6af4054\" data-element_type=\"container\">\n\t\t\t\t<div class=\"elementor-element elementor-element-8edd5e4 elementor-widget elementor-widget-image\" data-id=\"8edd5e4\" data-element_type=\"widget\" data-widget_type=\"image.default\">\n\t\t\t\t<div class=\"elementor-widget-container\">\n\t\t\t\t\t\t\t\t\t\t\t\t\t\t\t<img loading=\"lazy\" decoding=\"async\" width=\"430\" height=\"392\" src=\"https:\/\/teknotek2.4vlab.org\/wp-content\/uploads\/2025\/03\/Captura-de-pantalla-2025-03-12-124826.png\" class=\"attachment-large size-large wp-image-196\" alt=\"\" srcset=\"https:\/\/teknotek2.4vlab.org\/wp-content\/uploads\/2025\/03\/Captura-de-pantalla-2025-03-12-124826.png 430w, https:\/\/teknotek2.4vlab.org\/wp-content\/uploads\/2025\/03\/Captura-de-pantalla-2025-03-12-124826-300x273.png 300w\" sizes=\"(max-width: 430px) 100vw, 430px\" \/>\t\t\t\t\t\t\t\t\t\t\t\t\t\t\t<\/div>\n\t\t\t\t<\/div>\n\t\t\t\t<\/div>\n\t\t<div class=\"elementor-element elementor-element-5c16543 e-con-full e-flex e-con e-child\" data-id=\"5c16543\" data-element_type=\"container\">\n\t\t\t\t<div class=\"elementor-element elementor-element-ade3b26 elementor-widget elementor-widget-image\" data-id=\"ade3b26\" data-element_type=\"widget\" data-widget_type=\"image.default\">\n\t\t\t\t<div class=\"elementor-widget-container\">\n\t\t\t\t\t\t\t\t\t\t\t\t\t\t\t<img loading=\"lazy\" decoding=\"async\" width=\"478\" height=\"396\" src=\"https:\/\/teknotek2.4vlab.org\/wp-content\/uploads\/2025\/03\/Captura-de-pantalla-2025-03-12-124908.png\" class=\"attachment-large size-large wp-image-197\" alt=\"\" srcset=\"https:\/\/teknotek2.4vlab.org\/wp-content\/uploads\/2025\/03\/Captura-de-pantalla-2025-03-12-124908.png 478w, https:\/\/teknotek2.4vlab.org\/wp-content\/uploads\/2025\/03\/Captura-de-pantalla-2025-03-12-124908-300x249.png 300w\" sizes=\"(max-width: 478px) 100vw, 478px\" \/>\t\t\t\t\t\t\t\t\t\t\t\t\t\t\t<\/div>\n\t\t\t\t<\/div>\n\t\t\t\t<\/div>\n\t\t<div class=\"elementor-element elementor-element-a526712 e-con-full e-flex e-con e-child\" data-id=\"a526712\" data-element_type=\"container\">\n\t\t\t\t<div class=\"elementor-element elementor-element-903bee3 elementor-widget elementor-widget-image\" data-id=\"903bee3\" data-element_type=\"widget\" data-widget_type=\"image.default\">\n\t\t\t\t<div class=\"elementor-widget-container\">\n\t\t\t\t\t\t\t\t\t\t\t\t\t\t\t<img loading=\"lazy\" decoding=\"async\" width=\"243\" height=\"321\" src=\"https:\/\/teknotek2.4vlab.org\/wp-content\/uploads\/2025\/03\/Captura-de-pantalla-2025-03-12-124920.png\" class=\"attachment-large size-large wp-image-198\" alt=\"\" srcset=\"https:\/\/teknotek2.4vlab.org\/wp-content\/uploads\/2025\/03\/Captura-de-pantalla-2025-03-12-124920.png 243w, https:\/\/teknotek2.4vlab.org\/wp-content\/uploads\/2025\/03\/Captura-de-pantalla-2025-03-12-124920-227x300.png 227w\" sizes=\"(max-width: 243px) 100vw, 243px\" \/>\t\t\t\t\t\t\t\t\t\t\t\t\t\t\t<\/div>\n\t\t\t\t<\/div>\n\t\t\t\t<\/div>\n\t\t\t\t\t<\/div>\n\t\t\t\t<\/div>\n\t\t<div class=\"elementor-element elementor-element-f59120b e-flex e-con-boxed e-con e-parent\" data-id=\"f59120b\" data-element_type=\"container\">\n\t\t\t\t\t<div class=\"e-con-inner\">\n\t\t<div class=\"elementor-element elementor-element-087b624 e-con-full e-flex e-con e-child\" data-id=\"087b624\" data-element_type=\"container\">\n\t\t\t\t<div class=\"elementor-element elementor-element-b2c0dda elementor-widget elementor-widget-text-editor\" data-id=\"b2c0dda\" data-element_type=\"widget\" data-widget_type=\"text-editor.default\">\n\t\t\t\t<div class=\"elementor-widget-container\">\n\t\t\t\t\t\t\t\t\t<h3><span style=\"font-weight: 400;\">Asistente para apertura y cierre de puertas<\/span><\/h3>\t\t\t\t\t\t\t\t<\/div>\n\t\t\t\t<\/div>\n\t\t\t\t<\/div>\n\t\t<div class=\"elementor-element elementor-element-2a620ba e-con-full e-flex e-con e-child\" data-id=\"2a620ba\" data-element_type=\"container\">\n\t\t\t\t<div class=\"elementor-element elementor-element-7dad460 elementor-widget elementor-widget-text-editor\" data-id=\"7dad460\" data-element_type=\"widget\" data-widget_type=\"text-editor.default\">\n\t\t\t\t<div class=\"elementor-widget-container\">\n\t\t\t\t\t\t\t\t\t<h3><span style=\"font-weight: 400;\">MBA80W Bodypack<\/span><\/h3>\t\t\t\t\t\t\t\t<\/div>\n\t\t\t\t<\/div>\n\t\t\t\t<\/div>\n\t\t<div class=\"elementor-element elementor-element-6d48249 e-con-full e-flex e-con e-child\" data-id=\"6d48249\" data-element_type=\"container\">\n\t\t\t\t<div class=\"elementor-element elementor-element-72da0fc elementor-widget elementor-widget-text-editor\" data-id=\"72da0fc\" data-element_type=\"widget\" data-widget_type=\"text-editor.default\">\n\t\t\t\t<div class=\"elementor-widget-container\">\n\t\t\t\t\t\t\t\t\t<h3><span style=\"font-weight: 400;\">Gafas <\/span><span style=\"font-weight: 400;\">Ray-Ban Meta Wayfarer<\/span><\/h3>\t\t\t\t\t\t\t\t<\/div>\n\t\t\t\t<\/div>\n\t\t\t\t<\/div>\n\t\t<div class=\"elementor-element elementor-element-46780c0 e-con-full e-flex e-con e-child\" data-id=\"46780c0\" data-element_type=\"container\">\n\t\t\t\t<div class=\"elementor-element elementor-element-cc647f3 elementor-widget elementor-widget-text-editor\" data-id=\"cc647f3\" data-element_type=\"widget\" data-widget_type=\"text-editor.default\">\n\t\t\t\t<div class=\"elementor-widget-container\">\n\t\t\t\t\t\t\t\t\t<h3><span style=\"font-weight: 400;\">Rat\u00f3n Cheerdots 2&nbsp;<\/span><\/h3>\t\t\t\t\t\t\t\t<\/div>\n\t\t\t\t<\/div>\n\t\t\t\t<\/div>\n\t\t\t\t\t<\/div>\n\t\t\t\t<\/div>\n\t\t<div class=\"elementor-element elementor-element-f801f51 e-flex e-con-boxed e-con e-parent\" data-id=\"f801f51\" data-element_type=\"container\">\n\t\t\t\t\t<div class=\"e-con-inner\">\n\t\t<div class=\"elementor-element elementor-element-f0153d3 e-con-full e-flex e-con e-child\" data-id=\"f0153d3\" data-element_type=\"container\">\n\t\t\t\t<div class=\"elementor-element elementor-element-7302e08 elementor-widget elementor-widget-image\" data-id=\"7302e08\" data-element_type=\"widget\" data-widget_type=\"image.default\">\n\t\t\t\t<div class=\"elementor-widget-container\">\n\t\t\t\t\t\t\t\t\t\t\t\t\t\t\t<img loading=\"lazy\" decoding=\"async\" width=\"225\" height=\"258\" src=\"https:\/\/teknotek2.4vlab.org\/wp-content\/uploads\/2025\/03\/Captura-de-pantalla-2025-03-12-124838.png\" class=\"attachment-large size-large wp-image-200\" alt=\"\" \/>\t\t\t\t\t\t\t\t\t\t\t\t\t\t\t<\/div>\n\t\t\t\t<\/div>\n\t\t\t\t<\/div>\n\t\t<div class=\"elementor-element elementor-element-ad31554 e-con-full e-flex e-con e-child\" data-id=\"ad31554\" data-element_type=\"container\">\n\t\t\t\t<div class=\"elementor-element elementor-element-8fef0cf elementor-widget elementor-widget-image\" data-id=\"8fef0cf\" data-element_type=\"widget\" data-widget_type=\"image.default\">\n\t\t\t\t<div class=\"elementor-widget-container\">\n\t\t\t\t\t\t\t\t\t\t\t\t\t\t\t<img loading=\"lazy\" decoding=\"async\" width=\"640\" height=\"304\" src=\"https:\/\/teknotek2.4vlab.org\/wp-content\/uploads\/2025\/03\/Captura-de-pantalla-2025-03-05-124132-1.png\" class=\"attachment-large size-large wp-image-201\" alt=\"\" srcset=\"https:\/\/teknotek2.4vlab.org\/wp-content\/uploads\/2025\/03\/Captura-de-pantalla-2025-03-05-124132-1.png 703w, https:\/\/teknotek2.4vlab.org\/wp-content\/uploads\/2025\/03\/Captura-de-pantalla-2025-03-05-124132-1-300x143.png 300w\" sizes=\"(max-width: 640px) 100vw, 640px\" \/>\t\t\t\t\t\t\t\t\t\t\t\t\t\t\t<\/div>\n\t\t\t\t<\/div>\n\t\t\t\t<\/div>\n\t\t<div class=\"elementor-element elementor-element-b0d117d e-con-full e-flex e-con e-child\" data-id=\"b0d117d\" data-element_type=\"container\">\n\t\t\t\t<div class=\"elementor-element elementor-element-ea91a92 elementor-widget elementor-widget-image\" data-id=\"ea91a92\" data-element_type=\"widget\" data-widget_type=\"image.default\">\n\t\t\t\t<div class=\"elementor-widget-container\">\n\t\t\t\t\t\t\t\t\t\t\t\t\t\t\t<img loading=\"lazy\" decoding=\"async\" width=\"337\" height=\"233\" src=\"https:\/\/teknotek2.4vlab.org\/wp-content\/uploads\/2025\/03\/Captura-de-pantalla-2025-03-06-121740-1.png\" class=\"attachment-large size-large wp-image-202\" alt=\"\" srcset=\"https:\/\/teknotek2.4vlab.org\/wp-content\/uploads\/2025\/03\/Captura-de-pantalla-2025-03-06-121740-1.png 337w, https:\/\/teknotek2.4vlab.org\/wp-content\/uploads\/2025\/03\/Captura-de-pantalla-2025-03-06-121740-1-300x207.png 300w\" sizes=\"(max-width: 337px) 100vw, 337px\" \/>\t\t\t\t\t\t\t\t\t\t\t\t\t\t\t<\/div>\n\t\t\t\t<\/div>\n\t\t\t\t<\/div>\n\t\t\t\t\t<\/div>\n\t\t\t\t<\/div>\n\t\t<div class=\"elementor-element elementor-element-07242f0 e-flex e-con-boxed e-con e-parent\" data-id=\"07242f0\" data-element_type=\"container\">\n\t\t\t\t\t<div class=\"e-con-inner\">\n\t\t<div class=\"elementor-element elementor-element-c373621 e-con-full e-flex e-con e-child\" data-id=\"c373621\" data-element_type=\"container\">\n\t\t\t\t<div class=\"elementor-element elementor-element-c2473cb elementor-widget elementor-widget-text-editor\" data-id=\"c2473cb\" data-element_type=\"widget\" data-widget_type=\"text-editor.default\">\n\t\t\t\t<div class=\"elementor-widget-container\">\n\t\t\t\t\t\t\t\t\t<h3><span style=\"font-weight: 400;\">Miniproyector port\u00e1til Cin\u00e9Mini 720P HD con altavoz<\/span><\/h3>\t\t\t\t\t\t\t\t<\/div>\n\t\t\t\t<\/div>\n\t\t\t\t<\/div>\n\t\t<div class=\"elementor-element elementor-element-cea03e1 e-con-full e-flex e-con e-child\" data-id=\"cea03e1\" data-element_type=\"container\">\n\t\t\t\t<div class=\"elementor-element elementor-element-23a2ba7 elementor-widget elementor-widget-text-editor\" data-id=\"23a2ba7\" data-element_type=\"widget\" data-widget_type=\"text-editor.default\">\n\t\t\t\t<div class=\"elementor-widget-container\">\n\t\t\t\t\t\t\t\t\t<h3><span style=\"font-weight: 400;\">Escritorio Inteligente Desko C<\/span><\/h3>\t\t\t\t\t\t\t\t<\/div>\n\t\t\t\t<\/div>\n\t\t\t\t<\/div>\n\t\t<div class=\"elementor-element elementor-element-3b04ac6 e-con-full e-flex e-con e-child\" data-id=\"3b04ac6\" data-element_type=\"container\">\n\t\t\t\t<div class=\"elementor-element elementor-element-1af2726 elementor-widget elementor-widget-text-editor\" data-id=\"1af2726\" data-element_type=\"widget\" data-widget_type=\"text-editor.default\">\n\t\t\t\t<div class=\"elementor-widget-container\">\n\t\t\t\t\t\t\t\t\t<h3><span style=\"font-weight: 400;\">Adaptador Hub USB 3.0 2.0 USB-C Hub<\/span><\/h3>\t\t\t\t\t\t\t\t<\/div>\n\t\t\t\t<\/div>\n\t\t\t\t<\/div>\n\t\t\t\t\t<\/div>\n\t\t\t\t<\/div>\n\t\t\t\t<\/div>\n\t\t","protected":false},"excerpt":{"rendered":"<p>AQU\u00cd PUEDES ENCONTRAR TODOS LOS PRODUCTOS QUE VENDEMOS Lenovo ThinkBook Plus Twist Legion Tower 7i Gen 10 Scanner 3D CR-SCANOTT TR IRISPen Reader 8 Asistente para apertura y cierre de puertas MBA80W Bodypack Gafas Ray-Ban Meta Wayfarer Rat\u00f3n Cheerdots 2&nbsp; Miniproyector port\u00e1til Cin\u00e9Mini 720P HD con altavoz Escritorio Inteligente Desko C Adaptador Hub USB 3.0&#8230;<\/p>\n","protected":false},"author":1,"featured_media":0,"parent":0,"menu_order":0,"comment_status":"closed","ping_status":"closed","template":"elementor_header_footer","meta":{"footnotes":""},"class_list":["post-21","page","type-page","status-publish","hentry"],"_links":{"self":[{"href":"https:\/\/teknotek2.4vlab.org\/index.php?rest_route=\/wp\/v2\/pages\/21","targetHints":{"allow":["GET"]}}],"collection":[{"href":"https:\/\/teknotek2.4vlab.org\/index.php?rest_route=\/wp\/v2\/pages"}],"about":[{"href":"https:\/\/teknotek2.4vlab.org\/index.php?rest_route=\/wp\/v2\/types\/page"}],"author":[{"embeddable":true,"href":"https:\/\/teknotek2.4vlab.org\/index.php?rest_route=\/wp\/v2\/users\/1"}],"replies":[{"embeddable":true,"href":"https:\/\/teknotek2.4vlab.org\/index.php?rest_route=%2Fwp%2Fv2%2Fcomments&post=21"}],"version-history":[{"count":16,"href":"https:\/\/teknotek2.4vlab.org\/index.php?rest_route=\/wp\/v2\/pages\/21\/revisions"}],"predecessor-version":[{"id":209,"href":"https:\/\/teknotek2.4vlab.org\/index.php?rest_route=\/wp\/v2\/pages\/21\/revisions\/209"}],"wp:attachment":[{"href":"https:\/\/teknotek2.4vlab.org\/index.php?rest_route=%2Fwp%2Fv2%2Fmedia&parent=21"}],"curies":[{"name":"wp","href":"https:\/\/api.w.org\/{rel}","templated":true}]}}