{"id":19,"date":"2025-03-05T11:16:13","date_gmt":"2025-03-05T11:16:13","guid":{"rendered":"https:\/\/teknotek2.4vlab.org\/?page_id=19"},"modified":"2025-03-12T11:38:23","modified_gmt":"2025-03-12T11:38:23","slug":"quienes-somos","status":"publish","type":"page","link":"https:\/\/teknotek2.4vlab.org\/?page_id=19","title":{"rendered":"\u00bfQui\u00e9nes somos?"},"content":{"rendered":"\t\t<div data-elementor-type=\"wp-page\" data-elementor-id=\"19\" class=\"elementor elementor-19\">\n\t\t\t\t<div class=\"elementor-element elementor-element-052d485 e-flex e-con-boxed e-con e-parent\" data-id=\"052d485\" data-element_type=\"container\">\n\t\t\t\t\t<div class=\"e-con-inner\">\n\t\t<div class=\"elementor-element elementor-element-0264b2d e-con-full e-flex e-con e-child\" data-id=\"0264b2d\" data-element_type=\"container\">\n\t\t\t\t<\/div>\n\t\t<div class=\"elementor-element elementor-element-e70bffc e-con-full e-flex e-con e-child\" data-id=\"e70bffc\" data-element_type=\"container\">\n\t\t\t\t<\/div>\n\t\t\t\t\t<\/div>\n\t\t\t\t<\/div>\n\t\t\t\t<section class=\"elementor-section elementor-top-section elementor-element elementor-element-789bffe elementor-section-boxed elementor-section-height-default elementor-section-height-default\" data-id=\"789bffe\" data-element_type=\"section\" data-settings=\"{&quot;background_background&quot;:&quot;classic&quot;}\">\n\t\t\t\t\t\t\t<div class=\"elementor-background-overlay\"><\/div>\n\t\t\t\t\t\t\t<div class=\"elementor-container elementor-column-gap-default\">\n\t\t\t\t\t<div class=\"elementor-column elementor-col-100 elementor-top-column elementor-element elementor-element-769e369c\" data-id=\"769e369c\" data-element_type=\"column\">\n\t\t\t<div class=\"elementor-widget-wrap elementor-element-populated\">\n\t\t\t\t\t\t<div class=\"elementor-element elementor-element-27c5876e elementor-invisible elementor-widget elementor-widget-heading\" data-id=\"27c5876e\" data-element_type=\"widget\" data-settings=\"{&quot;_animation&quot;:&quot;fadeInDown&quot;,&quot;_animation_delay&quot;:300}\" data-widget_type=\"heading.default\">\n\t\t\t\t<div class=\"elementor-widget-container\">\n\t\t\t\t\t<h1 class=\"elementor-heading-title elementor-size-default\">\u00bfQuienes somos?<\/h1>\t\t\t\t<\/div>\n\t\t\t\t<\/div>\n\t\t\t\t\t<\/div>\n\t\t<\/div>\n\t\t\t\t\t<\/div>\n\t\t<\/section>\n\t\t\t\t<section class=\"elementor-section elementor-top-section elementor-element elementor-element-41db17eb elementor-reverse-mobile elementor-section-boxed elementor-section-height-default elementor-section-height-default\" data-id=\"41db17eb\" data-element_type=\"section\">\n\t\t\t\t\t\t<div class=\"elementor-container elementor-column-gap-default\">\n\t\t\t\t\t<div class=\"elementor-column elementor-col-50 elementor-top-column elementor-element elementor-element-47f02c9d elementor-invisible\" data-id=\"47f02c9d\" data-element_type=\"column\" data-settings=\"{&quot;animation&quot;:&quot;fadeInLeft&quot;}\">\n\t\t\t<div class=\"elementor-widget-wrap elementor-element-populated\">\n\t\t\t\t\t\t\t<\/div>\n\t\t<\/div>\n\t\t\t\t<div class=\"elementor-column elementor-col-50 elementor-top-column elementor-element elementor-element-5d804589 elementor-invisible\" data-id=\"5d804589\" data-element_type=\"column\" data-settings=\"{&quot;animation&quot;:&quot;fadeInRight&quot;}\">\n\t\t\t<div class=\"elementor-widget-wrap elementor-element-populated\">\n\t\t\t\t\t\t<div class=\"elementor-element elementor-element-22f33e4c elementor-widget elementor-widget-text-editor\" data-id=\"22f33e4c\" data-element_type=\"widget\" data-widget_type=\"text-editor.default\">\n\t\t\t\t<div class=\"elementor-widget-container\">\n\t\t\t\t\t\t\t\t\t<p>Nosotros somos Teknote, En nuestra empresa, nos especializamos en ofrecer productos tecnol\u00f3gicos de ultima tecnolog\u00eda , dise\u00f1ados para satisfacer las necesidades de individuos y empresas en un mundo cada vez m\u00e1s digitalizado. Desde dispositivos inteligentes hasta soluciones de automatizaci\u00f3n, nuestros productos est\u00e1n orientados a mejorar la eficiencia, optimizar procesos y ofrecer una experiencia m\u00e1s fluida y conectada en este mundo que cada vez es mas moderno.<\/p>\t\t\t\t\t\t\t\t<\/div>\n\t\t\t\t<\/div>\n\t\t\t\t\t<\/div>\n\t\t<\/div>\n\t\t\t\t\t<\/div>\n\t\t<\/section>\n\t\t<div class=\"elementor-element elementor-element-8c8d1b4 e-flex e-con-boxed e-con e-parent\" data-id=\"8c8d1b4\" data-element_type=\"container\">\n\t\t\t\t\t<div class=\"e-con-inner\">\n\t\t\t\t<div class=\"elementor-element elementor-element-f56e7ea elementor-widget elementor-widget-heading\" data-id=\"f56e7ea\" data-element_type=\"widget\" data-widget_type=\"heading.default\">\n\t\t\t\t<div class=\"elementor-widget-container\">\n\t\t\t\t\t<h2 class=\"elementor-heading-title elementor-size-default\">NUESTRO EQUIPO<br><br><\/h2>\t\t\t\t<\/div>\n\t\t\t\t<\/div>\n\t\t\t\t\t<\/div>\n\t\t\t\t<\/div>\n\t\t<div class=\"elementor-element elementor-element-955f0ee e-flex e-con-boxed e-con e-parent\" data-id=\"955f0ee\" data-element_type=\"container\">\n\t\t\t\t\t<div class=\"e-con-inner\">\n\t\t<div class=\"elementor-element elementor-element-7b8e058 e-con-full e-flex e-con e-child\" data-id=\"7b8e058\" data-element_type=\"container\">\n\t\t\t\t<div class=\"elementor-element elementor-element-cac9b6d elementor-widget elementor-widget-text-editor\" data-id=\"cac9b6d\" data-element_type=\"widget\" data-widget_type=\"text-editor.default\">\n\t\t\t\t<div class=\"elementor-widget-container\">\n\t\t\t\t\t\t\t\t\t<h1>Jes\u00fas fernandez&nbsp;<\/h1>\t\t\t\t\t\t\t\t<\/div>\n\t\t\t\t<\/div>\n\t\t\t\t<\/div>\n\t\t<div class=\"elementor-element elementor-element-a110f89 e-con-full e-flex e-con e-child\" data-id=\"a110f89\" data-element_type=\"container\">\n\t\t\t\t<div class=\"elementor-element elementor-element-e88fbc0 elementor-widget elementor-widget-text-editor\" data-id=\"e88fbc0\" data-element_type=\"widget\" data-widget_type=\"text-editor.default\">\n\t\t\t\t<div class=\"elementor-widget-container\">\n\t\t\t\t\t\t\t\t\t<h1>Iranzu Lapeire<\/h1>\t\t\t\t\t\t\t\t<\/div>\n\t\t\t\t<\/div>\n\t\t\t\t<\/div>\n\t\t\t\t\t<\/div>\n\t\t\t\t<\/div>\n\t\t<div class=\"elementor-element elementor-element-56ca61e e-flex e-con-boxed e-con e-parent\" data-id=\"56ca61e\" data-element_type=\"container\">\n\t\t\t\t\t<div class=\"e-con-inner\">\n\t\t<div class=\"elementor-element elementor-element-7e9b767 e-con-full e-flex e-con e-child\" data-id=\"7e9b767\" data-element_type=\"container\">\n\t\t\t\t<div class=\"elementor-element elementor-element-aa0e4fe elementor-widget elementor-widget-image\" data-id=\"aa0e4fe\" data-element_type=\"widget\" data-widget_type=\"image.default\">\n\t\t\t\t<div class=\"elementor-widget-container\">\n\t\t\t\t\t\t\t\t\t\t\t\t\t\t\t<img fetchpriority=\"high\" decoding=\"async\" width=\"640\" height=\"853\" src=\"https:\/\/teknotek2.4vlab.org\/wp-content\/uploads\/2025\/03\/avatar-jesus-768x1024.png\" class=\"attachment-large size-large wp-image-156\" alt=\"\" srcset=\"https:\/\/teknotek2.4vlab.org\/wp-content\/uploads\/2025\/03\/avatar-jesus-768x1024.png 768w, https:\/\/teknotek2.4vlab.org\/wp-content\/uploads\/2025\/03\/avatar-jesus-225x300.png 225w, https:\/\/teknotek2.4vlab.org\/wp-content\/uploads\/2025\/03\/avatar-jesus-300x400.png 300w, https:\/\/teknotek2.4vlab.org\/wp-content\/uploads\/2025\/03\/avatar-jesus-850x1133.png 850w, https:\/\/teknotek2.4vlab.org\/wp-content\/uploads\/2025\/03\/avatar-jesus.png 960w\" sizes=\"(max-width: 640px) 100vw, 640px\" \/>\t\t\t\t\t\t\t\t\t\t\t\t\t\t\t<\/div>\n\t\t\t\t<\/div>\n\t\t\t\t<\/div>\n\t\t<div class=\"elementor-element elementor-element-3f32902 e-con-full e-flex e-con e-child\" data-id=\"3f32902\" data-element_type=\"container\">\n\t\t\t\t<div class=\"elementor-element elementor-element-518457e elementor-widget elementor-widget-image\" data-id=\"518457e\" data-element_type=\"widget\" data-widget_type=\"image.default\">\n\t\t\t\t<div class=\"elementor-widget-container\">\n\t\t\t\t\t\t\t\t\t\t\t\t\t\t\t<img decoding=\"async\" width=\"640\" height=\"853\" src=\"https:\/\/teknotek2.4vlab.org\/wp-content\/uploads\/2025\/03\/5-768x1024.png\" class=\"attachment-large size-large wp-image-157\" alt=\"\" srcset=\"https:\/\/teknotek2.4vlab.org\/wp-content\/uploads\/2025\/03\/5-768x1024.png 768w, https:\/\/teknotek2.4vlab.org\/wp-content\/uploads\/2025\/03\/5-225x300.png 225w, https:\/\/teknotek2.4vlab.org\/wp-content\/uploads\/2025\/03\/5-300x400.png 300w, https:\/\/teknotek2.4vlab.org\/wp-content\/uploads\/2025\/03\/5-850x1133.png 850w, https:\/\/teknotek2.4vlab.org\/wp-content\/uploads\/2025\/03\/5.png 960w\" sizes=\"(max-width: 640px) 100vw, 640px\" \/>\t\t\t\t\t\t\t\t\t\t\t\t\t\t\t<\/div>\n\t\t\t\t<\/div>\n\t\t\t\t<\/div>\n\t\t\t\t\t<\/div>\n\t\t\t\t<\/div>\n\t\t<div class=\"elementor-element elementor-element-6caaae7 e-flex e-con-boxed e-con e-parent\" data-id=\"6caaae7\" data-element_type=\"container\">\n\t\t\t\t\t<div class=\"e-con-inner\">\n\t\t<div class=\"elementor-element elementor-element-08ff6db e-con-full e-flex e-con e-child\" data-id=\"08ff6db\" data-element_type=\"container\">\n\t\t\t\t<div class=\"elementor-element elementor-element-01cd2f2 elementor-widget elementor-widget-text-editor\" data-id=\"01cd2f2\" data-element_type=\"widget\" data-widget_type=\"text-editor.default\">\n\t\t\t\t<div class=\"elementor-widget-container\">\n\t\t\t\t\t\t\t\t\t<h1>Cesar Pico.<\/h1>\t\t\t\t\t\t\t\t<\/div>\n\t\t\t\t<\/div>\n\t\t\t\t<\/div>\n\t\t<div class=\"elementor-element elementor-element-581d2a7 e-con-full e-flex e-con e-child\" data-id=\"581d2a7\" data-element_type=\"container\">\n\t\t\t\t<div class=\"elementor-element elementor-element-54ad38c elementor-widget elementor-widget-text-editor\" data-id=\"54ad38c\" data-element_type=\"widget\" data-widget_type=\"text-editor.default\">\n\t\t\t\t<div class=\"elementor-widget-container\">\n\t\t\t\t\t\t\t\t\t<h1>Claudia Alegria&nbsp;<\/h1>\t\t\t\t\t\t\t\t<\/div>\n\t\t\t\t<\/div>\n\t\t\t\t<\/div>\n\t\t\t\t\t<\/div>\n\t\t\t\t<\/div>\n\t\t<div class=\"elementor-element elementor-element-6a475d8 e-flex e-con-boxed e-con e-parent\" data-id=\"6a475d8\" data-element_type=\"container\">\n\t\t\t\t\t<div class=\"e-con-inner\">\n\t\t<div class=\"elementor-element elementor-element-68a8fea e-con-full e-flex e-con e-child\" data-id=\"68a8fea\" data-element_type=\"container\">\n\t\t\t\t<div class=\"elementor-element elementor-element-5b151d2 elementor-widget elementor-widget-image\" data-id=\"5b151d2\" data-element_type=\"widget\" data-widget_type=\"image.default\">\n\t\t\t\t<div class=\"elementor-widget-container\">\n\t\t\t\t\t\t\t\t\t\t\t\t\t\t\t<img decoding=\"async\" width=\"640\" height=\"853\" src=\"https:\/\/teknotek2.4vlab.org\/wp-content\/uploads\/2025\/03\/haz-un-chico-de-veinte-anos-exactamente-igual-que-al-de-la-foto-768x1024.jpg\" class=\"attachment-large size-large wp-image-160\" alt=\"\" srcset=\"https:\/\/teknotek2.4vlab.org\/wp-content\/uploads\/2025\/03\/haz-un-chico-de-veinte-anos-exactamente-igual-que-al-de-la-foto-768x1024.jpg 768w, https:\/\/teknotek2.4vlab.org\/wp-content\/uploads\/2025\/03\/haz-un-chico-de-veinte-anos-exactamente-igual-que-al-de-la-foto-225x300.jpg 225w, https:\/\/teknotek2.4vlab.org\/wp-content\/uploads\/2025\/03\/haz-un-chico-de-veinte-anos-exactamente-igual-que-al-de-la-foto-300x400.jpg 300w, https:\/\/teknotek2.4vlab.org\/wp-content\/uploads\/2025\/03\/haz-un-chico-de-veinte-anos-exactamente-igual-que-al-de-la-foto-850x1133.jpg 850w, https:\/\/teknotek2.4vlab.org\/wp-content\/uploads\/2025\/03\/haz-un-chico-de-veinte-anos-exactamente-igual-que-al-de-la-foto.jpg 960w\" sizes=\"(max-width: 640px) 100vw, 640px\" \/>\t\t\t\t\t\t\t\t\t\t\t\t\t\t\t<\/div>\n\t\t\t\t<\/div>\n\t\t\t\t<\/div>\n\t\t<div class=\"elementor-element elementor-element-4d65469 e-con-full e-flex e-con e-child\" data-id=\"4d65469\" data-element_type=\"container\">\n\t\t\t\t<div class=\"elementor-element elementor-element-9aa43fc elementor-widget elementor-widget-image\" data-id=\"9aa43fc\" data-element_type=\"widget\" data-widget_type=\"image.default\">\n\t\t\t\t<div class=\"elementor-widget-container\">\n\t\t\t\t\t\t\t\t\t\t\t\t\t\t\t<img loading=\"lazy\" decoding=\"async\" width=\"640\" height=\"853\" src=\"https:\/\/teknotek2.4vlab.org\/wp-content\/uploads\/2025\/03\/Diseno-sin-titulo-11-768x1024.png\" class=\"attachment-large size-large wp-image-161\" alt=\"\" srcset=\"https:\/\/teknotek2.4vlab.org\/wp-content\/uploads\/2025\/03\/Diseno-sin-titulo-11-768x1024.png 768w, https:\/\/teknotek2.4vlab.org\/wp-content\/uploads\/2025\/03\/Diseno-sin-titulo-11-225x300.png 225w, https:\/\/teknotek2.4vlab.org\/wp-content\/uploads\/2025\/03\/Diseno-sin-titulo-11-300x400.png 300w, https:\/\/teknotek2.4vlab.org\/wp-content\/uploads\/2025\/03\/Diseno-sin-titulo-11-850x1133.png 850w, https:\/\/teknotek2.4vlab.org\/wp-content\/uploads\/2025\/03\/Diseno-sin-titulo-11.png 960w\" sizes=\"(max-width: 640px) 100vw, 640px\" \/>\t\t\t\t\t\t\t\t\t\t\t\t\t\t\t<\/div>\n\t\t\t\t<\/div>\n\t\t\t\t<\/div>\n\t\t\t\t\t<\/div>\n\t\t\t\t<\/div>\n\t\t<div class=\"elementor-element elementor-element-22a03f8 e-flex e-con-boxed e-con e-parent\" data-id=\"22a03f8\" data-element_type=\"container\">\n\t\t\t\t\t<div class=\"e-con-inner\">\n\t\t<div class=\"elementor-element elementor-element-a5af233 e-con-full e-flex e-con e-child\" data-id=\"a5af233\" data-element_type=\"container\">\n\t\t\t\t<div class=\"elementor-element elementor-element-1f22034 elementor-widget elementor-widget-text-editor\" data-id=\"1f22034\" data-element_type=\"widget\" data-widget_type=\"text-editor.default\">\n\t\t\t\t<div class=\"elementor-widget-container\">\n\t\t\t\t\t\t\t\t\t<h2>Miguel Artieda<\/h2>\t\t\t\t\t\t\t\t<\/div>\n\t\t\t\t<\/div>\n\t\t\t\t<\/div>\n\t\t<div class=\"elementor-element elementor-element-0c8ef11 e-con-full e-flex e-con e-child\" data-id=\"0c8ef11\" data-element_type=\"container\">\n\t\t\t\t<div class=\"elementor-element elementor-element-4321cf5 elementor-widget elementor-widget-text-editor\" data-id=\"4321cf5\" data-element_type=\"widget\" data-widget_type=\"text-editor.default\">\n\t\t\t\t<div class=\"elementor-widget-container\">\n\t\t\t\t\t\t\t\t\t<h1>Isabella Robalino.<\/h1>\t\t\t\t\t\t\t\t<\/div>\n\t\t\t\t<\/div>\n\t\t\t\t<\/div>\n\t\t\t\t\t<\/div>\n\t\t\t\t<\/div>\n\t\t<div class=\"elementor-element elementor-element-3f3401f e-flex e-con-boxed e-con e-parent\" data-id=\"3f3401f\" data-element_type=\"container\">\n\t\t\t\t\t<div class=\"e-con-inner\">\n\t\t<div class=\"elementor-element elementor-element-1e36d17 e-con-full e-flex e-con e-child\" data-id=\"1e36d17\" data-element_type=\"container\">\n\t\t\t\t<div class=\"elementor-element elementor-element-0c538b2 elementor-widget elementor-widget-image\" data-id=\"0c538b2\" data-element_type=\"widget\" data-widget_type=\"image.default\">\n\t\t\t\t<div class=\"elementor-widget-container\">\n\t\t\t\t\t\t\t\t\t\t\t\t\t\t\t<img loading=\"lazy\" decoding=\"async\" width=\"640\" height=\"853\" src=\"https:\/\/teknotek2.4vlab.org\/wp-content\/uploads\/2025\/03\/2-768x1024.png\" class=\"attachment-large size-large wp-image-162\" alt=\"\" srcset=\"https:\/\/teknotek2.4vlab.org\/wp-content\/uploads\/2025\/03\/2-768x1024.png 768w, https:\/\/teknotek2.4vlab.org\/wp-content\/uploads\/2025\/03\/2-225x300.png 225w, https:\/\/teknotek2.4vlab.org\/wp-content\/uploads\/2025\/03\/2-300x400.png 300w, https:\/\/teknotek2.4vlab.org\/wp-content\/uploads\/2025\/03\/2-850x1133.png 850w, https:\/\/teknotek2.4vlab.org\/wp-content\/uploads\/2025\/03\/2.png 960w\" sizes=\"(max-width: 640px) 100vw, 640px\" \/>\t\t\t\t\t\t\t\t\t\t\t\t\t\t\t<\/div>\n\t\t\t\t<\/div>\n\t\t\t\t<\/div>\n\t\t<div class=\"elementor-element elementor-element-a3df690 e-con-full e-flex e-con e-child\" data-id=\"a3df690\" data-element_type=\"container\">\n\t\t\t\t<div class=\"elementor-element elementor-element-6c8b11b elementor-widget elementor-widget-image\" data-id=\"6c8b11b\" data-element_type=\"widget\" data-widget_type=\"image.default\">\n\t\t\t\t<div class=\"elementor-widget-container\">\n\t\t\t\t\t\t\t\t\t\t\t\t\t\t\t<img loading=\"lazy\" decoding=\"async\" width=\"640\" height=\"853\" src=\"https:\/\/teknotek2.4vlab.org\/wp-content\/uploads\/2025\/03\/4-768x1024.png\" class=\"attachment-large size-large wp-image-164\" alt=\"\" srcset=\"https:\/\/teknotek2.4vlab.org\/wp-content\/uploads\/2025\/03\/4-768x1024.png 768w, https:\/\/teknotek2.4vlab.org\/wp-content\/uploads\/2025\/03\/4-225x300.png 225w, https:\/\/teknotek2.4vlab.org\/wp-content\/uploads\/2025\/03\/4-300x400.png 300w, https:\/\/teknotek2.4vlab.org\/wp-content\/uploads\/2025\/03\/4-850x1133.png 850w, https:\/\/teknotek2.4vlab.org\/wp-content\/uploads\/2025\/03\/4.png 960w\" sizes=\"(max-width: 640px) 100vw, 640px\" \/>\t\t\t\t\t\t\t\t\t\t\t\t\t\t\t<\/div>\n\t\t\t\t<\/div>\n\t\t\t\t<\/div>\n\t\t\t\t\t<\/div>\n\t\t\t\t<\/div>\n\t\t<div class=\"elementor-element elementor-element-73e375b e-flex e-con-boxed e-con e-parent\" data-id=\"73e375b\" data-element_type=\"container\">\n\t\t\t\t\t<div class=\"e-con-inner\">\n\t\t\t\t<div class=\"elementor-element elementor-element-ebdbd11 elementor-widget elementor-widget-text-editor\" data-id=\"ebdbd11\" data-element_type=\"widget\" data-widget_type=\"text-editor.default\">\n\t\t\t\t<div class=\"elementor-widget-container\">\n\t\t\t\t\t\t\t\t\t<h1>Milagros Tasaico&nbsp;<\/h1>\t\t\t\t\t\t\t\t<\/div>\n\t\t\t\t<\/div>\n\t\t\t\t\t<\/div>\n\t\t\t\t<\/div>\n\t\t<div class=\"elementor-element elementor-element-759a32b e-flex e-con-boxed e-con e-parent\" data-id=\"759a32b\" data-element_type=\"container\">\n\t\t\t\t\t<div class=\"e-con-inner\">\n\t\t<div class=\"elementor-element elementor-element-065e1e2 e-con-full e-flex e-con e-child\" data-id=\"065e1e2\" data-element_type=\"container\">\n\t\t\t\t<\/div>\n\t\t<div class=\"elementor-element elementor-element-de3c0f5 e-con-full e-flex e-con e-child\" data-id=\"de3c0f5\" data-element_type=\"container\">\n\t\t\t\t<div class=\"elementor-element elementor-element-9a325a5 elementor-widget elementor-widget-image\" data-id=\"9a325a5\" data-element_type=\"widget\" data-widget_type=\"image.default\">\n\t\t\t\t<div class=\"elementor-widget-container\">\n\t\t\t\t\t\t\t\t\t\t\t\t\t\t\t<img loading=\"lazy\" decoding=\"async\" width=\"640\" height=\"853\" src=\"https:\/\/teknotek2.4vlab.org\/wp-content\/uploads\/2025\/03\/Avatar-milagros-768x1024.png\" class=\"attachment-large size-large wp-image-169\" alt=\"\" srcset=\"https:\/\/teknotek2.4vlab.org\/wp-content\/uploads\/2025\/03\/Avatar-milagros-768x1024.png 768w, https:\/\/teknotek2.4vlab.org\/wp-content\/uploads\/2025\/03\/Avatar-milagros-225x300.png 225w, https:\/\/teknotek2.4vlab.org\/wp-content\/uploads\/2025\/03\/Avatar-milagros-300x400.png 300w, https:\/\/teknotek2.4vlab.org\/wp-content\/uploads\/2025\/03\/Avatar-milagros-850x1133.png 850w, https:\/\/teknotek2.4vlab.org\/wp-content\/uploads\/2025\/03\/Avatar-milagros.png 960w\" sizes=\"(max-width: 640px) 100vw, 640px\" \/>\t\t\t\t\t\t\t\t\t\t\t\t\t\t\t<\/div>\n\t\t\t\t<\/div>\n\t\t\t\t<\/div>\n\t\t<div class=\"elementor-element elementor-element-66e00b7 e-con-full e-flex e-con e-child\" data-id=\"66e00b7\" data-element_type=\"container\">\n\t\t\t\t<\/div>\n\t\t\t\t\t<\/div>\n\t\t\t\t<\/div>\n\t\t\t\t<\/div>\n\t\t","protected":false},"excerpt":{"rendered":"<p>\u00bfQuienes somos? Nosotros somos Teknote, En nuestra empresa, nos especializamos en ofrecer productos tecnol\u00f3gicos de ultima tecnolog\u00eda , dise\u00f1ados para satisfacer las necesidades de individuos y empresas en un mundo cada vez m\u00e1s digitalizado. Desde dispositivos inteligentes hasta soluciones de automatizaci\u00f3n, nuestros productos est\u00e1n orientados a mejorar la eficiencia, optimizar procesos y ofrecer una experiencia&#8230;<\/p>\n","protected":false},"author":1,"featured_media":0,"parent":0,"menu_order":0,"comment_status":"closed","ping_status":"closed","template":"elementor_header_footer","meta":{"footnotes":""},"class_list":["post-19","page","type-page","status-publish","hentry"],"_links":{"self":[{"href":"https:\/\/teknotek2.4vlab.org\/index.php?rest_route=\/wp\/v2\/pages\/19","targetHints":{"allow":["GET"]}}],"collection":[{"href":"https:\/\/teknotek2.4vlab.org\/index.php?rest_route=\/wp\/v2\/pages"}],"about":[{"href":"https:\/\/teknotek2.4vlab.org\/index.php?rest_route=\/wp\/v2\/types\/page"}],"author":[{"embeddable":true,"href":"https:\/\/teknotek2.4vlab.org\/index.php?rest_route=\/wp\/v2\/users\/1"}],"replies":[{"embeddable":true,"href":"https:\/\/teknotek2.4vlab.org\/index.php?rest_route=%2Fwp%2Fv2%2Fcomments&post=19"}],"version-history":[{"count":28,"href":"https:\/\/teknotek2.4vlab.org\/index.php?rest_route=\/wp\/v2\/pages\/19\/revisions"}],"predecessor-version":[{"id":183,"href":"https:\/\/teknotek2.4vlab.org\/index.php?rest_route=\/wp\/v2\/pages\/19\/revisions\/183"}],"wp:attachment":[{"href":"https:\/\/teknotek2.4vlab.org\/index.php?rest_route=%2Fwp%2Fv2%2Fmedia&parent=19"}],"curies":[{"name":"wp","href":"https:\/\/api.w.org\/{rel}","templated":true}]}}